{"id":12741,"date":"2024-02-24T22:28:45","date_gmt":"2024-02-24T21:28:45","guid":{"rendered":"https:\/\/1ahead.de\/initial-legal-information\/"},"modified":"2025-04-02T12:40:41","modified_gmt":"2025-04-02T10:40:41","slug":"initial-legal-information","status":"publish","type":"page","link":"https:\/\/1ahead.de\/en\/initial-legal-information\/","title":{"rendered":"Initial legal information"},"content":{"rendered":"\t\t<div data-elementor-type=\"wp-page\" data-elementor-id=\"12741\" class=\"elementor elementor-12741 elementor-11006\" data-elementor-post-type=\"page\">\n\t\t\t\t\t\t<section class=\"elementor-section elementor-top-section elementor-element elementor-element-2423b2d elementor-section-boxed elementor-section-height-default elementor-section-height-default\" data-id=\"2423b2d\" data-element_type=\"section\" data-e-type=\"section\">\n\t\t\t\t\t\t<div class=\"elementor-container elementor-column-gap-wider\">\n\t\t\t\t\t<div class=\"elementor-column elementor-col-100 elementor-top-column elementor-element elementor-element-27b3237\" data-id=\"27b3237\" data-element_type=\"column\" data-e-type=\"column\">\n\t\t\t<div class=\"elementor-widget-wrap elementor-element-populated\">\n\t\t\t\t\t\t<div class=\"elementor-element elementor-element-c8ef325 elementor-widget elementor-widget-heading\" data-id=\"c8ef325\" data-element_type=\"widget\" data-e-type=\"widget\" data-widget_type=\"heading.default\">\n\t\t\t\t<div class=\"elementor-widget-container\">\n\t\t\t\t\t<h2 class=\"elementor-heading-title elementor-size-default\">Initial legal information<\/h2>\t\t\t\t<\/div>\n\t\t\t\t<\/div>\n\t\t\t\t<div class=\"elementor-element elementor-element-b0bf39c elementor-widget elementor-widget-spacer\" data-id=\"b0bf39c\" data-element_type=\"widget\" data-e-type=\"widget\" data-widget_type=\"spacer.default\">\n\t\t\t\t<div class=\"elementor-widget-container\">\n\t\t\t\t\t\t\t<div class=\"elementor-spacer\">\n\t\t\t<div class=\"elementor-spacer-inner\"><\/div>\n\t\t<\/div>\n\t\t\t\t\t\t<\/div>\n\t\t\t\t<\/div>\n\t\t\t\t<div class=\"elementor-element elementor-element-d5b32f2 elementor-widget elementor-widget-heading\" data-id=\"d5b32f2\" data-element_type=\"widget\" data-e-type=\"widget\" data-widget_type=\"heading.default\">\n\t\t\t\t<div class=\"elementor-widget-container\">\n\t\t\t\t\t<h3 class=\"elementor-heading-title elementor-size-default\">of the 1 AHEAD GmbH<\/h3>\t\t\t\t<\/div>\n\t\t\t\t<\/div>\n\t\t\t\t<div class=\"elementor-element elementor-element-70e5fcd elementor-widget elementor-widget-spacer\" data-id=\"70e5fcd\" data-element_type=\"widget\" data-e-type=\"widget\" data-widget_type=\"spacer.default\">\n\t\t\t\t<div class=\"elementor-widget-container\">\n\t\t\t\t\t\t\t<div class=\"elementor-spacer\">\n\t\t\t<div class=\"elementor-spacer-inner\"><\/div>\n\t\t<\/div>\n\t\t\t\t\t\t<\/div>\n\t\t\t\t<\/div>\n\t\t\t\t<div class=\"elementor-element elementor-element-b37e2cb elementor-widget elementor-widget-text-editor\" data-id=\"b37e2cb\" data-element_type=\"widget\" data-e-type=\"widget\" data-widget_type=\"text-editor.default\">\n\t\t\t\t<div class=\"elementor-widget-container\">\n\t\t\t\t\t\t\t\t\t<p>N\u00f6rdliche M\u00fcnchner Str. 27A, D- 82031 Gr\u00fcnwald, GERMANY<br \/>represented by the managing director Martina Sradj<\/p>\n\t\t\t\t\t\t\t\t<\/div>\n\t\t\t\t<\/div>\n\t\t\t\t<div class=\"elementor-element elementor-element-f868aed elementor-widget elementor-widget-spacer\" data-id=\"f868aed\" data-element_type=\"widget\" data-e-type=\"widget\" data-widget_type=\"spacer.default\">\n\t\t\t\t<div class=\"elementor-widget-container\">\n\t\t\t\t\t\t\t<div class=\"elementor-spacer\">\n\t\t\t<div class=\"elementor-spacer-inner\"><\/div>\n\t\t<\/div>\n\t\t\t\t\t\t<\/div>\n\t\t\t\t<\/div>\n\t\t\t\t<div class=\"elementor-element elementor-element-7fb3f80 elementor-widget elementor-widget-text-editor\" data-id=\"7fb3f80\" data-element_type=\"widget\" data-e-type=\"widget\" data-widget_type=\"text-editor.default\">\n\t\t\t\t<div class=\"elementor-widget-container\">\n\t\t\t\t\t\t\t\t\t<p>M: +49 (0) 174 488 8800<br \/>T: +49 (0)89 909015 3912<br \/>E: info@1ahead.de<\/p>\n\t\t\t\t\t\t\t\t<\/div>\n\t\t\t\t<\/div>\n\t\t\t\t<div class=\"elementor-element elementor-element-c7e4ae7 elementor-widget elementor-widget-spacer\" data-id=\"c7e4ae7\" data-element_type=\"widget\" data-e-type=\"widget\" data-widget_type=\"spacer.default\">\n\t\t\t\t<div class=\"elementor-widget-container\">\n\t\t\t\t\t\t\t<div class=\"elementor-spacer\">\n\t\t\t<div class=\"elementor-spacer-inner\"><\/div>\n\t\t<\/div>\n\t\t\t\t\t\t<\/div>\n\t\t\t\t<\/div>\n\t\t\t\t<div class=\"elementor-element elementor-element-60d6ccc elementor-widget elementor-widget-text-editor\" data-id=\"60d6ccc\" data-element_type=\"widget\" data-e-type=\"widget\" data-widget_type=\"text-editor.default\">\n\t\t\t\t<div class=\"elementor-widget-container\">\n\t\t\t\t\t\t\t\t\t<p>Registered in the Commercial Register of the Local Court of Munich: <br \/>HRB 290510<\/p>\n\t\t\t\t\t\t\t\t<\/div>\n\t\t\t\t<\/div>\n\t\t\t\t<div class=\"elementor-element elementor-element-98f6dec elementor-widget elementor-widget-spacer\" data-id=\"98f6dec\" data-element_type=\"widget\" data-e-type=\"widget\" data-widget_type=\"spacer.default\">\n\t\t\t\t<div class=\"elementor-widget-container\">\n\t\t\t\t\t\t\t<div class=\"elementor-spacer\">\n\t\t\t<div class=\"elementor-spacer-inner\"><\/div>\n\t\t<\/div>\n\t\t\t\t\t\t<\/div>\n\t\t\t\t<\/div>\n\t\t\t\t<div class=\"elementor-element elementor-element-9f9bb3d elementor-widget elementor-widget-heading\" data-id=\"9f9bb3d\" data-element_type=\"widget\" data-e-type=\"widget\" data-widget_type=\"heading.default\">\n\t\t\t\t<div class=\"elementor-widget-container\">\n\t\t\t\t\t<h3 class=\"elementor-heading-title elementor-size-default\">Initial legal information<\/h3>\t\t\t\t<\/div>\n\t\t\t\t<\/div>\n\t\t\t\t<div class=\"elementor-element elementor-element-dfe3efd elementor-widget elementor-widget-text-editor\" data-id=\"dfe3efd\" data-element_type=\"widget\" data-e-type=\"widget\" data-widget_type=\"text-editor.default\">\n\t\t\t\t<div class=\"elementor-widget-container\">\n\t\t\t\t\t\t\t\t\t<p>We are licensed as an insurance broker acc. to \u00a7 34d Abs. 1 GewO and registered with the IHK Munich as the responsible supervisory authority. We are registered with the number D-VW8H-3NNDR-72 in the intermediary register acc. to \u00a7 34d Abs. 10 GewO. Our permission and registration can be verified at any time at the joint registration point of the Chambers of Industry and Commerce acc. to \u00a7 11a GewO:<\/p><p>German Chamber of Industry and Commerce (DIHK). <br \/>Breite Stra\u00dfe 29, 10178 Berlin <br \/>Tel: +49 (0) 180 6005850 (0.20\u20ac\/call) <br \/>Fax: +49 (0) 30 20308-1000 <br \/>Mail: vr@dihk.de<\/p><h4>Shareholding in insurance companies<\/h4><p>We have no shareholding in insurance companies. Nor do insurance companies have any shareholding in us.<\/p><h4>Professional indemnity insurance<\/h4><p>We maintain a professional indemnity insurance that complies with the legal requirements acc. to \u00a7 12 VersVermV. Proof of insurance has been provided to the responsible supervisory authority.<\/p><h4>Consultation<\/h4><p>We offer consultation regarding the requested insurance cover and expressed insurance needs prior to the conclusion of an insurance contract.<\/p><h4>Remuneration<\/h4><p>We are mainly remunerated by the insurer for our mediation and <br \/>contract-management services via commission. However, in individual cases we reserve the right to demand an additional fee for our services. The scope and amount of such a fee will be agreed upon with our clients when the brokerage contract is signed. We always charge a fee for the mediation and <br \/>contract-management of insurance contracts for which we are not remunerated by the insurer.<\/p><h4>Dispute Resolution<\/h4><p>We participate in the following out-of-court mediation options:<\/p><p>Versicherungsombudsmann e.V., Postfach 080632, 10006 Berlin <br \/>Tel: +49 (0) 800 369600 | Fax: +49 (0) 800 369900<\/p>\t\t\t\t\t\t\t\t<\/div>\n\t\t\t\t<\/div>\n\t\t\t\t\t<\/div>\n\t\t<\/div>\n\t\t\t\t\t<\/div>\n\t\t<\/section>\n\t\t\t\t<\/div>\n\t\t","protected":false},"excerpt":{"rendered":"<p>Initial legal information of the 1 AHEAD GmbH N\u00f6rdliche M\u00fcnchner Str. 27A, D- 82031 Gr\u00fcnwald, GERMANYrepresented by the managing director Martina Sradj M: +49 (0) 174 488 8800T: +49 (0)89 909015 3912E: info@1ahead.de Registered in the Commercial Register of the Local Court of Munich: HRB 290510 Initial legal information We are licensed as an insurance&hellip;<\/p>\n","protected":false},"author":1,"featured_media":0,"parent":0,"menu_order":11,"comment_status":"closed","ping_status":"closed","template":"elementor_header_footer","meta":{"footnotes":""},"class_list":["post-12741","page","type-page","status-publish","hentry"],"yoast_head":"<!-- This site is optimized with the Yoast SEO plugin v26.9 - https:\/\/yoast.com\/product\/yoast-seo-wordpress\/ -->\n<title>Initial legal information - 1AHEAD<\/title>\n<meta name=\"robots\" content=\"index, follow, max-snippet:-1, max-image-preview:large, max-video-preview:-1\" \/>\n<link rel=\"canonical\" href=\"https:\/\/1ahead.de\/erstinformation\/\" \/>\n<meta property=\"og:locale\" content=\"en_US\" \/>\n<meta property=\"og:type\" content=\"article\" \/>\n<meta property=\"og:title\" content=\"Initial legal information - 1AHEAD\" \/>\n<meta property=\"og:description\" content=\"Initial legal information of the 1 AHEAD GmbH N\u00f6rdliche M\u00fcnchner Str. 27A, D- 82031 Gr\u00fcnwald, GERMANYrepresented by the managing director Martina Sradj M: +49 (0) 174 488 8800T: +49 (0)89 909015 3912E: info@1ahead.de Registered in the Commercial Register of the Local Court of Munich: HRB 290510 Initial legal information We are licensed as an insurance&hellip;\" \/>\n<meta property=\"og:url\" content=\"https:\/\/1ahead.de\/erstinformation\/\" \/>\n<meta property=\"og:site_name\" content=\"1AHEAD\" \/>\n<meta property=\"article:modified_time\" content=\"2025-04-02T10:40:41+00:00\" \/>\n<meta name=\"twitter:card\" content=\"summary_large_image\" \/>\n<meta name=\"twitter:label1\" content=\"Est. reading time\" \/>\n\t<meta name=\"twitter:data1\" content=\"2 minutes\" \/>\n<script type=\"application\/ld+json\" class=\"yoast-schema-graph\">{\"@context\":\"https:\/\/schema.org\",\"@graph\":[{\"@type\":\"WebPage\",\"@id\":\"https:\/\/1ahead.de\/erstinformation\/\",\"url\":\"https:\/\/1ahead.de\/erstinformation\/\",\"name\":\"Initial legal information - 1AHEAD\",\"isPartOf\":{\"@id\":\"https:\/\/1ahead.de\/#website\"},\"datePublished\":\"2024-02-24T21:28:45+00:00\",\"dateModified\":\"2025-04-02T10:40:41+00:00\",\"breadcrumb\":{\"@id\":\"https:\/\/1ahead.de\/erstinformation\/#breadcrumb\"},\"inLanguage\":\"en-US\",\"potentialAction\":[{\"@type\":\"ReadAction\",\"target\":[\"https:\/\/1ahead.de\/erstinformation\/\"]}]},{\"@type\":\"BreadcrumbList\",\"@id\":\"https:\/\/1ahead.de\/erstinformation\/#breadcrumb\",\"itemListElement\":[{\"@type\":\"ListItem\",\"position\":1,\"name\":\"Startseite\",\"item\":\"https:\/\/1ahead.de\/\"},{\"@type\":\"ListItem\",\"position\":2,\"name\":\"Initial legal information\"}]},{\"@type\":\"WebSite\",\"@id\":\"https:\/\/1ahead.de\/#website\",\"url\":\"https:\/\/1ahead.de\/\",\"name\":\"1AHEAD\",\"description\":\"specialty insurance broking\",\"publisher\":{\"@id\":\"https:\/\/1ahead.de\/#organization\"},\"potentialAction\":[{\"@type\":\"SearchAction\",\"target\":{\"@type\":\"EntryPoint\",\"urlTemplate\":\"https:\/\/1ahead.de\/?s={search_term_string}\"},\"query-input\":{\"@type\":\"PropertyValueSpecification\",\"valueRequired\":true,\"valueName\":\"search_term_string\"}}],\"inLanguage\":\"en-US\"},{\"@type\":\"Organization\",\"@id\":\"https:\/\/1ahead.de\/#organization\",\"name\":\"1AHEAD\",\"url\":\"https:\/\/1ahead.de\/\",\"logo\":{\"@type\":\"ImageObject\",\"inLanguage\":\"en-US\",\"@id\":\"https:\/\/1ahead.de\/#\/schema\/logo\/image\/\",\"url\":\"https:\/\/1ahead.de\/wp-content\/uploads\/1A_Logo.svg\",\"contentUrl\":\"https:\/\/1ahead.de\/wp-content\/uploads\/1A_Logo.svg\",\"width\":483,\"height\":229,\"caption\":\"1AHEAD\"},\"image\":{\"@id\":\"https:\/\/1ahead.de\/#\/schema\/logo\/image\/\"}}]}<\/script>\n<!-- \/ Yoast SEO plugin. -->","yoast_head_json":{"title":"Initial legal information - 1AHEAD","robots":{"index":"index","follow":"follow","max-snippet":"max-snippet:-1","max-image-preview":"max-image-preview:large","max-video-preview":"max-video-preview:-1"},"canonical":"https:\/\/1ahead.de\/erstinformation\/","og_locale":"en_US","og_type":"article","og_title":"Initial legal information - 1AHEAD","og_description":"Initial legal information of the 1 AHEAD GmbH N\u00f6rdliche M\u00fcnchner Str. 27A, D- 82031 Gr\u00fcnwald, GERMANYrepresented by the managing director Martina Sradj M: +49 (0) 174 488 8800T: +49 (0)89 909015 3912E: info@1ahead.de Registered in the Commercial Register of the Local Court of Munich: HRB 290510 Initial legal information We are licensed as an insurance&hellip;","og_url":"https:\/\/1ahead.de\/erstinformation\/","og_site_name":"1AHEAD","article_modified_time":"2025-04-02T10:40:41+00:00","twitter_card":"summary_large_image","twitter_misc":{"Est. reading time":"2 minutes"},"schema":{"@context":"https:\/\/schema.org","@graph":[{"@type":"WebPage","@id":"https:\/\/1ahead.de\/erstinformation\/","url":"https:\/\/1ahead.de\/erstinformation\/","name":"Initial legal information - 1AHEAD","isPartOf":{"@id":"https:\/\/1ahead.de\/#website"},"datePublished":"2024-02-24T21:28:45+00:00","dateModified":"2025-04-02T10:40:41+00:00","breadcrumb":{"@id":"https:\/\/1ahead.de\/erstinformation\/#breadcrumb"},"inLanguage":"en-US","potentialAction":[{"@type":"ReadAction","target":["https:\/\/1ahead.de\/erstinformation\/"]}]},{"@type":"BreadcrumbList","@id":"https:\/\/1ahead.de\/erstinformation\/#breadcrumb","itemListElement":[{"@type":"ListItem","position":1,"name":"Startseite","item":"https:\/\/1ahead.de\/"},{"@type":"ListItem","position":2,"name":"Initial legal information"}]},{"@type":"WebSite","@id":"https:\/\/1ahead.de\/#website","url":"https:\/\/1ahead.de\/","name":"1AHEAD","description":"specialty insurance broking","publisher":{"@id":"https:\/\/1ahead.de\/#organization"},"potentialAction":[{"@type":"SearchAction","target":{"@type":"EntryPoint","urlTemplate":"https:\/\/1ahead.de\/?s={search_term_string}"},"query-input":{"@type":"PropertyValueSpecification","valueRequired":true,"valueName":"search_term_string"}}],"inLanguage":"en-US"},{"@type":"Organization","@id":"https:\/\/1ahead.de\/#organization","name":"1AHEAD","url":"https:\/\/1ahead.de\/","logo":{"@type":"ImageObject","inLanguage":"en-US","@id":"https:\/\/1ahead.de\/#\/schema\/logo\/image\/","url":"https:\/\/1ahead.de\/wp-content\/uploads\/1A_Logo.svg","contentUrl":"https:\/\/1ahead.de\/wp-content\/uploads\/1A_Logo.svg","width":483,"height":229,"caption":"1AHEAD"},"image":{"@id":"https:\/\/1ahead.de\/#\/schema\/logo\/image\/"}}]}},"_links":{"self":[{"href":"https:\/\/1ahead.de\/en\/wp-json\/wp\/v2\/pages\/12741","targetHints":{"allow":["GET"]}}],"collection":[{"href":"https:\/\/1ahead.de\/en\/wp-json\/wp\/v2\/pages"}],"about":[{"href":"https:\/\/1ahead.de\/en\/wp-json\/wp\/v2\/types\/page"}],"author":[{"embeddable":true,"href":"https:\/\/1ahead.de\/en\/wp-json\/wp\/v2\/users\/1"}],"replies":[{"embeddable":true,"href":"https:\/\/1ahead.de\/en\/wp-json\/wp\/v2\/comments?post=12741"}],"version-history":[{"count":6,"href":"https:\/\/1ahead.de\/en\/wp-json\/wp\/v2\/pages\/12741\/revisions"}],"predecessor-version":[{"id":12749,"href":"https:\/\/1ahead.de\/en\/wp-json\/wp\/v2\/pages\/12741\/revisions\/12749"}],"wp:attachment":[{"href":"https:\/\/1ahead.de\/en\/wp-json\/wp\/v2\/media?parent=12741"}],"curies":[{"name":"wp","href":"https:\/\/api.w.org\/{rel}","templated":true}]}}